{"id":1501,"date":"2020-05-13T11:49:02","date_gmt":"2020-05-13T11:49:02","guid":{"rendered":"https:\/\/songbook.qodeinteractive.com\/?page_id=1501"},"modified":"2026-03-15T18:03:31","modified_gmt":"2026-03-15T17:03:31","slug":"music-teacher","status":"publish","type":"page","link":"https:\/\/celine-flamen.com\/index.php\/music-teacher\/","title":{"rendered":"Cellist"},"content":{"rendered":"\n<div class=\"wp-block-group alignfull has-background is-layout-flow wp-block-group-is-layout-flow\" style=\"background-color:#f2f0e9\">\n<div style=\"height:70px\" aria-hidden=\"true\" class=\"wp-block-spacer\"><\/div>\n\n\n\n<div class=\"wp-block-columns alignwide are-vertically-aligned-center is-layout-flex wp-container-core-columns-is-layout-28f84493 wp-block-columns-is-layout-flex\">\n<div class=\"wp-block-column is-layout-flow wp-block-column-is-layout-flow\" style=\"flex-basis:50%\">\n<p class=\"has-text-color\" style=\"color:#000000;font-size:clamp(18.959px, 1.185rem + ((1vw - 3.2px) * 1.255), 30px);line-height:1.1\"><strong>About Celine Flamen<\/strong><\/p>\n<\/div>\n\n\n\n<div class=\"wp-block-column is-layout-flow wp-block-column-is-layout-flow\" style=\"flex-basis:50%\">\n<hr class=\"wp-block-separator has-text-color has-css-opacity has-background is-style-wide\" style=\"background-color:#000000;color:#000000\"\/>\n<\/div>\n<\/div>\n\n\n\n<div class=\"wp-block-columns alignwide is-layout-flex wp-container-core-columns-is-layout-d7d455e7 wp-block-columns-is-layout-flex\" style=\"border-style:none;border-width:0px;border-radius:0px;padding-top:0;padding-right:0;padding-bottom:0;padding-left:0\">\n<div class=\"wp-block-column is-layout-flow wp-block-column-is-layout-flow\">\n<figure class=\"wp-block-image size-large is-resized\"><img loading=\"lazy\" decoding=\"async\" width=\"737\" height=\"1024\" src=\"https:\/\/celine-flamen.com\/wp-content\/uploads\/2023\/06\/1000300-ok-large-737x1024.jpg\" alt=\"\" class=\"wp-image-4666\" style=\"width:633px;height:879px\" srcset=\"https:\/\/celine-flamen.com\/wp-content\/uploads\/2023\/06\/1000300-ok-large-737x1024.jpg 737w, https:\/\/celine-flamen.com\/wp-content\/uploads\/2023\/06\/1000300-ok-large-216x300.jpg 216w, https:\/\/celine-flamen.com\/wp-content\/uploads\/2023\/06\/1000300-ok-large-768x1067.jpg 768w, https:\/\/celine-flamen.com\/wp-content\/uploads\/2023\/06\/1000300-ok-large-1106x1536.jpg 1106w, https:\/\/celine-flamen.com\/wp-content\/uploads\/2023\/06\/1000300-ok-large-1475x2048.jpg 1475w, https:\/\/celine-flamen.com\/wp-content\/uploads\/2023\/06\/1000300-ok-large-scaled.jpg 1843w\" sizes=\"auto, (max-width: 737px) 100vw, 737px\" \/><\/figure>\n<\/div>\n\n\n\n<div class=\"wp-block-column is-layout-flow wp-block-column-is-layout-flow\" style=\"border-style:none;border-width:0px;padding-top:0;padding-right:0;padding-bottom:0;padding-left:0\">\n<p class=\"has-text-align-left has-text-color has-extra-small-font-size\" style=\"color:#000000\">Born into a family of doctors and musicians, Celine Flamen began learning the cello at the age of 6 and the piano at 8.<br>After studying at the conservatories of Poitiers and Boulogne Billancourt, she graduated from the Conservatoire National Sup\u00e9rieur de Musique de Paris in 1997 with first prizes in cello and chamber music in Michel Strauss, Alain Plan\u00e8s and Christian Ivaldi&#8217;s classes.<\/p>\n<\/div>\n\n\n\n<div class=\"wp-block-column is-layout-flow wp-block-column-is-layout-flow\">\n<p>She also did follow the Master Classes of Janos Starker, Gary Hoffman and Kristoff Henkel.<\/p>\n\n\n\n<p>She  with the Orchestre de chambre de Paris, the Orchestre Philharmonique de Radio France, the Orchestre National de France, the Orchestre d&#8217;Auvergne and many others. She became co-soloist of the OcNouvelle Aquitaine and of the Concerts Pasdeloup orchestra, and then joined the ranks of the Orchestre National d&#8217;Ile de France in 2006.<\/p>\n<\/div>\n<\/div>\n\n\n\n<div style=\"height:40px\" aria-hidden=\"true\" class=\"wp-block-spacer\"><\/div>\n\n\n\n<div class=\"wp-block-group alignfull has-background is-layout-flow wp-block-group-is-layout-flow\" style=\"background-color:#f2f0e9\">\n<div class=\"wp-block-columns alignwide is-layout-flex wp-container-core-columns-is-layout-28f84493 wp-block-columns-is-layout-flex\">\n<div class=\"wp-block-column is-layout-flow wp-block-column-is-layout-flow\">\n<div style=\"height:100px\" aria-hidden=\"true\" class=\"wp-block-spacer\"><\/div>\n\n\n\n<h6 class=\"wp-block-heading has-text-color\" id=\"ecosystem\" style=\"color:#000000\"><\/h6>\n\n\n\n<p class=\"has-text-color\" style=\"color:#000000;font-size:5vw;line-height:1.1\"><strong>Research<\/strong><\/p>\n\n\n\n<div style=\"height:5px\" aria-hidden=\"true\" class=\"wp-block-spacer\"><\/div>\n<\/div>\n<\/div>\n\n\n\n<div class=\"wp-block-columns alignwide is-layout-flex wp-container-core-columns-is-layout-28f84493 wp-block-columns-is-layout-flex\">\n<div class=\"wp-block-column is-layout-flow wp-block-column-is-layout-flow\" style=\"flex-basis:33.38%\">\n<p class=\"has-text-color has-extra-small-font-size\" style=\"color:#000000\"><em> Development and research of playing on gut strings, exploration of the body&#8217;s relationship to the instrument, learning Classical Pilates, will lead her to become a certified Pilates Mat Instructor in 2021 with teacher Ann Van Huffel, herself certified instructor from Romana&#8217;s Pilates School in New York. C\u00e9line is currently creating the &#8220;Cello Fysio&#8221; platform, the result of this exploration of the body&#8217;s relationship with the instrument inspired by Pilates method and adapted for the musician&#8217;s needs.<\/em><\/p>\n<\/div>\n\n\n\n<div class=\"wp-block-column is-layout-flow wp-block-column-is-layout-flow\" style=\"flex-basis:33%\">\n<div style=\"height:100px\" aria-hidden=\"true\" class=\"wp-block-spacer\"><\/div>\n\n\n\n<figure class=\"wp-block-image size-large is-resized\"><img loading=\"lazy\" decoding=\"async\" width=\"1024\" height=\"587\" src=\"https:\/\/celine-flamen.com\/wp-content\/uploads\/2023\/06\/1000545_1920x1100-1024x587.jpg\" alt=\"\" class=\"wp-image-4665\" style=\"width:889px;height:509px\" srcset=\"https:\/\/celine-flamen.com\/wp-content\/uploads\/2023\/06\/1000545_1920x1100-1024x587.jpg 1024w, https:\/\/celine-flamen.com\/wp-content\/uploads\/2023\/06\/1000545_1920x1100-300x172.jpg 300w, https:\/\/celine-flamen.com\/wp-content\/uploads\/2023\/06\/1000545_1920x1100-768x440.jpg 768w, https:\/\/celine-flamen.com\/wp-content\/uploads\/2023\/06\/1000545_1920x1100-1536x880.jpg 1536w, https:\/\/celine-flamen.com\/wp-content\/uploads\/2023\/06\/1000545_1920x1100.jpg 1920w\" sizes=\"auto, (max-width: 1024px) 100vw, 1024px\" \/><\/figure>\n<\/div>\n\n\n\n<div class=\"wp-block-column is-layout-flow wp-block-column-is-layout-flow\" style=\"flex-basis:33.62%\">\n<figure class=\"wp-block-image size-full is-resized\"><img loading=\"lazy\" decoding=\"async\" width=\"1000\" height=\"667\" src=\"http:\/\/celine-flamen.com\/wp-content\/uploads\/2023\/02\/MG_4295.jpg\" alt=\"\" class=\"wp-image-4197\" style=\"width:518px;height:345px\" srcset=\"https:\/\/celine-flamen.com\/wp-content\/uploads\/2023\/02\/MG_4295.jpg 1000w, https:\/\/celine-flamen.com\/wp-content\/uploads\/2023\/02\/MG_4295-300x200.jpg 300w, https:\/\/celine-flamen.com\/wp-content\/uploads\/2023\/02\/MG_4295-768x512.jpg 768w\" sizes=\"auto, (max-width: 1000px) 100vw, 1000px\" \/><\/figure>\n<\/div>\n<\/div>\n\n\n\n<div class=\"wp-block-columns alignwide is-layout-flex wp-container-core-columns-is-layout-28f84493 wp-block-columns-is-layout-flex\">\n<div class=\"wp-block-column is-layout-flow wp-block-column-is-layout-flow\" style=\"flex-basis:67%\">\n<figure class=\"wp-block-image alignright size-full is-resized\"><img loading=\"lazy\" decoding=\"async\" width=\"1000\" height=\"562\" src=\"http:\/\/celine-flamen.com\/wp-content\/uploads\/2022\/12\/IMG_8905.jpg\" alt=\"Dubrovnik Haydn\" class=\"wp-image-4059\" style=\"width:769px;height:432px\" srcset=\"https:\/\/celine-flamen.com\/wp-content\/uploads\/2022\/12\/IMG_8905.jpg 1000w, https:\/\/celine-flamen.com\/wp-content\/uploads\/2022\/12\/IMG_8905-300x169.jpg 300w, https:\/\/celine-flamen.com\/wp-content\/uploads\/2022\/12\/IMG_8905-768x432.jpg 768w\" sizes=\"auto, (max-width: 1000px) 100vw, 1000px\" \/><\/figure>\n<\/div>\n\n\n\n<div class=\"wp-block-column is-vertically-aligned-center is-layout-flow wp-block-column-is-layout-flow\" style=\"flex-basis:33%\">\n<p class=\"has-text-color has-extra-small-font-size\" style=\"color:#000000\">Since 2010, she has performed in Europe in many different chamber music festivals such as &#8220;Zutphen Cello Fest&#8221; in Holland, &#8220;Aurora&#8221; and Sweden, &#8220;Bunt&#8221; in Serbia, &#8220;Festivo&#8221; in Germany, Stradun Classic in Croatia and &#8220;Salon&#8221;, Festival International de Th\u00e8ze in France&#8230;She took the initiative to create &#8220;De Bewoners&#8221;, a chamber music collective based in Belgium during the period of isolation.<\/p>\n<\/div>\n<\/div>\n<\/div>\n<\/div>\n\n\n\n<div class=\"wp-block-cover alignfull is-light\" style=\"margin-top:0;margin-bottom:0;padding-top:0;padding-right:0;padding-bottom:0;padding-left:0;min-height:312px;aspect-ratio:unset;\"><span aria-hidden=\"true\" class=\"wp-block-cover__background has-background-dim-100 has-background-dim\" style=\"background-color:#ffffff\"><\/span><div class=\"wp-block-cover__inner-container is-layout-flow wp-block-cover-is-layout-flow\">\n<div class=\"wp-block-media-text alignwide is-stacked-on-mobile is-vertically-aligned-center is-image-fill-element has-background\" style=\"background-color:#f2f0e9;grid-template-columns:15% auto\"><figure class=\"wp-block-media-text__media\"><img loading=\"lazy\" decoding=\"async\" width=\"486\" height=\"700\" src=\"http:\/\/celine-flamen.com\/wp-content\/uploads\/2022\/12\/1000843-ok-700..jpg\" alt=\"\" class=\"wp-image-3969 size-full\" style=\"object-position:50% 50%\" srcset=\"https:\/\/celine-flamen.com\/wp-content\/uploads\/2022\/12\/1000843-ok-700..jpg 486w, https:\/\/celine-flamen.com\/wp-content\/uploads\/2022\/12\/1000843-ok-700.-208x300.jpg 208w\" sizes=\"auto, (max-width: 486px) 100vw, 486px\" \/><\/figure><div class=\"wp-block-media-text__content\">\n<p>As a soloist, she has played with the Simfonica dell Valles Orchestra, the Young Orchestra of Catalonia, the Festivo Orchestra, the Dubrovnik Symphony Orchestra and Slovenska Filharmonia.<br>She teaches Pilates and Cello in her own studio. She is regularly invited as a cello or chamber music teacher by the Aurora Chamber festival in Sweden, Youth Orchestra of Catalonia (JONC), Youth Orchestra of the Canary Islands,  Youth Orchestra of Spain (Jonde), IMCSardinia, Musica Reservata (Belgium) and Talents Summer Academy in Brescia Italy.<br>Celine had the joy to share the stage with, among others, Eric Le Sage, Maria Meerovitch, Andr\u00e9 Cazalet, Andrew Marriner, Roman and Milena Simovic, Jean Fran\u00e7ois Heisser, Marija Pavlovic, Julien Herv\u00e9, Roman Spitzer, Johannes Erkes, Julia Gallego, David Quiggle, Stephane Garin&#8230;<br>She is member of Ensemble 0 and Orquestra Bandart.<\/p>\n\n\n\n<p>She has recorded for the Nomad Music label with Julien Herv\u00e9 and Sub Rosa with Ensemble 0.<br>She plays since 2024, an Italian Cello from 1710, probably by Giovanni Grancino&#8217;s son, set up with open A gut string and three Pirastro Gold wounded gut strings.<\/p>\n\n\n\n<div class=\"wp-block-buttons is-layout-flex wp-block-buttons-is-layout-flex\">\n<div class=\"wp-block-button is-style-outline is-style-outline--1\"><a class=\"wp-block-button__link wp-element-button\">Contact me<\/a><\/div>\n<\/div>\n<\/div><\/div>\n<\/div><\/div>\n","protected":false},"excerpt":{"rendered":"<p>About Celine Flamen Born into a family of doctors and musicians, Celine Flamen began learning the cello at the age of 6 and the piano at 8.After studying at the conservatories of Poitiers and Boulogne Billancourt, she graduated from the Conservatoire National Sup\u00e9rieur de Musique de Paris in 1997 with first prizes in cello and [&hellip;]<\/p>\n","protected":false},"author":1,"featured_media":0,"parent":0,"menu_order":0,"comment_status":"closed","ping_status":"closed","template":"page-full-width.php","meta":{"footnotes":""},"class_list":["post-1501","page","type-page","status-publish","hentry"],"_links":{"self":[{"href":"https:\/\/celine-flamen.com\/index.php\/wp-json\/wp\/v2\/pages\/1501","targetHints":{"allow":["GET"]}}],"collection":[{"href":"https:\/\/celine-flamen.com\/index.php\/wp-json\/wp\/v2\/pages"}],"about":[{"href":"https:\/\/celine-flamen.com\/index.php\/wp-json\/wp\/v2\/types\/page"}],"author":[{"embeddable":true,"href":"https:\/\/celine-flamen.com\/index.php\/wp-json\/wp\/v2\/users\/1"}],"replies":[{"embeddable":true,"href":"https:\/\/celine-flamen.com\/index.php\/wp-json\/wp\/v2\/comments?post=1501"}],"version-history":[{"count":106,"href":"https:\/\/celine-flamen.com\/index.php\/wp-json\/wp\/v2\/pages\/1501\/revisions"}],"predecessor-version":[{"id":4725,"href":"https:\/\/celine-flamen.com\/index.php\/wp-json\/wp\/v2\/pages\/1501\/revisions\/4725"}],"wp:attachment":[{"href":"https:\/\/celine-flamen.com\/index.php\/wp-json\/wp\/v2\/media?parent=1501"}],"curies":[{"name":"wp","href":"https:\/\/api.w.org\/{rel}","templated":true}]}}